{"id":1824,"date":"2014-11-17T18:27:03","date_gmt":"2014-11-17T18:27:03","guid":{"rendered":"http:\/\/www.mobilparc.net\/?page_id=1824"},"modified":"2014-11-17T18:27:03","modified_gmt":"2014-11-17T18:27:03","slug":"lloguer-d-inflables","status":"publish","type":"page","link":"https:\/\/mobilparc.net\/ca\/lloguer-d-inflables\/","title":{"rendered":"Lloguer d&#8217;inflables"},"content":{"rendered":"<section class=\"content\">A M\u00f2bilparc ens dediquem al<strong> lloguer d&#8217;inflables<\/strong> i muntatge d&#8217;atraccions per a nens, joves i adults des de fa m\u00e9s de 20 anys.Realitzem tot tipus de festes amb el lloguer dels inflables que m\u00e9s us convinguin. Podeu fer selecci\u00f3 entre els m\u00e9s de 150 inflables de qu\u00e8 disposem. Gr\u00e0cies a la nostra gran varietat, podreu celebrar la millor festa amb inflables de lloguer amb difer\u00e8ncia!<\/p>\n<p>Donem servei de lloguer d&#8217;inflables tant a la prov\u00edncia de Barcelona, com a Girona, Lleida i Tarragona. Ens movem per tota Catalunya i fins i tot per Andorra!<\/p>\n<p>Si voleu realitzar algun lloguer d&#8217;inflable, us convidem a que realitzeu una visita al nostre cat\u00e0leg de castells inflables i escolliu els que m\u00e9s us agradin per sol\u00b7licitar un pressupost.<\/p>\n<\/section>\n","protected":false},"excerpt":{"rendered":"<p>A M\u00f2bilparc ens dediquem al lloguer d&#8217;inflables i muntatge d&#8217;atraccions per a nens, joves i adults des de fa m\u00e9s de 20 anys.Realitzem tot tipus de festes amb el lloguer dels inflables que m\u00e9s us convinguin. Podeu fer selecci\u00f3 entre els m\u00e9s de 150 inflables de qu\u00e8 disposem. Gr\u00e0cies a la nostra gran varietat, podreu celebrar la millor festa amb&hellip;<\/p>\n","protected":false},"author":1,"featured_media":0,"parent":0,"menu_order":0,"comment_status":"open","ping_status":"closed","template":"","meta":{"footnotes":""},"class_list":["post-1824","page","type-page","status-publish","hentry"],"aioseo_notices":[],"_links":{"self":[{"href":"https:\/\/mobilparc.net\/ca\/wp-json\/wp\/v2\/pages\/1824","targetHints":{"allow":["GET"]}}],"collection":[{"href":"https:\/\/mobilparc.net\/ca\/wp-json\/wp\/v2\/pages"}],"about":[{"href":"https:\/\/mobilparc.net\/ca\/wp-json\/wp\/v2\/types\/page"}],"author":[{"embeddable":true,"href":"https:\/\/mobilparc.net\/ca\/wp-json\/wp\/v2\/users\/1"}],"replies":[{"embeddable":true,"href":"https:\/\/mobilparc.net\/ca\/wp-json\/wp\/v2\/comments?post=1824"}],"version-history":[{"count":0,"href":"https:\/\/mobilparc.net\/ca\/wp-json\/wp\/v2\/pages\/1824\/revisions"}],"wp:attachment":[{"href":"https:\/\/mobilparc.net\/ca\/wp-json\/wp\/v2\/media?parent=1824"}],"curies":[{"name":"wp","href":"https:\/\/api.w.org\/{rel}","templated":true}]}}