{"id":1913,"date":"2014-12-30T16:20:35","date_gmt":"2014-12-30T16:20:35","guid":{"rendered":"http:\/\/www.mobilparc.net\/?page_id=1913"},"modified":"2014-12-30T16:20:35","modified_gmt":"2014-12-30T16:20:35","slug":"serveis","status":"publish","type":"page","link":"https:\/\/mobilparc.net\/ca\/serveis\/","title":{"rendered":"Serveis"},"content":{"rendered":"<section class=\"content\">A <strong>Mobilparc<\/strong> cubrim tots els serveis que pogueu necessitar per la vostra festa, ja sigui p\u00fablica o privada. Gr\u00e0cies al gran n\u00famero de <a title=\"Lloguers\" href=\"http:\/\/www.mobilparc.net\/ca\/lloguers\/\">lloguer d&#8217;atraccions<\/a> de les que disposem, podem adaptarnos a qualsevol situaci\u00f3.<\/p>\n<p><strong>Aqu\u00ed teniu alguns exemples dels serveis que pot oferir Mobilparc:<\/strong><\/p>\n<p>&nbsp;<\/p>\n<ul>\n<li>Autoservei<\/li>\n<li>Festes de la ecuma<\/li>\n<li>Acomiadaments de solter<\/li>\n<li>Festes de cumpleanys<\/li>\n<li>Festes de final de curs infantils<\/li>\n<li>Inflables per a festes de nens grans<\/li>\n<li>Festa d&#8217;inflables d&#8217;aigua.<\/li>\n<li>Tallers de manualitats<\/li>\n<li>Gimcames juvenils<\/li>\n<li>Humor amarillo.<\/li>\n<li>Festes a la piscina.<\/li>\n<li>Atraccions per a promocionar productes.<\/li>\n<li>Asociacions de ve\u00efns.<\/li>\n<li>Clubs esportius.<\/li>\n<li>Festes privades.<\/li>\n<\/ul>\n<p>Si cap d&#8217;aquests serveis s&#8217;adapta a lo que esteu buscant, contacte amb nosaltres v\u00eda <strong>email<\/strong> (info@mobilparc.net), per <strong>tel\u00e8fono<\/strong> (606 344 933 \u2013 93 751 68 63) o atrav\u00e8s del <a title=\"Sol\u00b7licitar pressupost ara mateix!\" href=\"http:\/\/www.mobilparc.net\/ca\/sol%c2%b7licitar-pressupost-ara-mateix\/\">formulari de contacte<\/a>, et donarem la festa que necessites.<\/p>\n<\/section>\n","protected":false},"excerpt":{"rendered":"<p>A Mobilparc cubrim tots els serveis que pogueu necessitar per la vostra festa, ja sigui p\u00fablica o privada. Gr\u00e0cies al gran n\u00famero de lloguer d&#8217;atraccions de les que disposem, podem adaptarnos a qualsevol situaci\u00f3. Aqu\u00ed teniu alguns exemples dels serveis que pot oferir Mobilparc: &nbsp; Autoservei Festes de la ecuma Acomiadaments de solter Festes de cumpleanys Festes de final de&hellip;<\/p>\n","protected":false},"author":1,"featured_media":0,"parent":0,"menu_order":0,"comment_status":"open","ping_status":"open","template":"","meta":{"footnotes":""},"class_list":["post-1913","page","type-page","status-publish","hentry"],"aioseo_notices":[],"_links":{"self":[{"href":"https:\/\/mobilparc.net\/ca\/wp-json\/wp\/v2\/pages\/1913","targetHints":{"allow":["GET"]}}],"collection":[{"href":"https:\/\/mobilparc.net\/ca\/wp-json\/wp\/v2\/pages"}],"about":[{"href":"https:\/\/mobilparc.net\/ca\/wp-json\/wp\/v2\/types\/page"}],"author":[{"embeddable":true,"href":"https:\/\/mobilparc.net\/ca\/wp-json\/wp\/v2\/users\/1"}],"replies":[{"embeddable":true,"href":"https:\/\/mobilparc.net\/ca\/wp-json\/wp\/v2\/comments?post=1913"}],"version-history":[{"count":0,"href":"https:\/\/mobilparc.net\/ca\/wp-json\/wp\/v2\/pages\/1913\/revisions"}],"wp:attachment":[{"href":"https:\/\/mobilparc.net\/ca\/wp-json\/wp\/v2\/media?parent=1913"}],"curies":[{"name":"wp","href":"https:\/\/api.w.org\/{rel}","templated":true}]}}