{"id":3686,"date":"2016-02-11T02:13:31","date_gmt":"2016-02-11T02:13:31","guid":{"rendered":"http:\/\/mobilparc.net\/?page_id=3686"},"modified":"2026-02-24T11:56:06","modified_gmt":"2026-02-24T11:56:06","slug":"splashslide-2","status":"publish","type":"page","link":"https:\/\/mobilparc.net\/ca\/splashslide-2\/","title":{"rendered":"Splash Slide"},"content":{"rendered":"<div class=\"wpb-content-wrapper\"><p>[vc_row full_width=&#8221;stretch_row_content_no_spaces&#8221; hide_bg_image_on_tablet=&#8221;&#8221; hide_bg_image_on_mobile=&#8221;&#8221;][vc_column icons_position=&#8221;left&#8221;]<div id=\"sc_title_1636205306\"\n\t\tclass=\"sc_title color_style_default sc_title_default  vc_custom_1560436636716\"><h2 class=\"sc_item_title sc_title_title sc_align_center sc_item_title_style_default\">Splash Slide<\/h2><h6 class=\"sc_item_subtitle sc_title_subtitle sc_align_center sc_item_title_style_default\">El supertobog\u00e1n urbano<\/h6><\/div><!-- \/.sc_title --><div id=\"widget_video_828604810\" class=\"widget_area sc_widget_video vc_widget_video wpb_content_element\"><aside id=\"widget_video_828604810_widget\" class=\"widget widget_video\"><div id=\"sc_video_489391447\" class=\"trx_addons_video_player with_cover hover_play\"><img loading=\"lazy\" decoding=\"async\" src=\"https:\/\/mobilparc.net\/wp-content\/uploads\/2019\/02\/splash-slide.png\" alt=\"\" width=\"2878\" height=\"1528\"><div class=\"video_mask\"><\/div><a class=\"video_hover trx_addons_popup_link\" href=\"#sc_video_489391447_popup\"><\/a><\/div><!-- .sc_layouts_popup --><div id=\"sc_video_489391447_popup\" class=\"sc_layouts_popup\"><div id=\"sc_video_489391447_popup_player\" class=\"trx_addons_video_player without_cover\"><div class=\"video_embed video_frame\"><iframe loading=\"lazy\" title=\"Splash Slide - Mobilparc\" width=\"1280\" height=\"720\" src=\"https:\/\/www.youtube.com\/embed\/MnmVsimPojg?feature=oembed\"  allow=\"accelerometer; autoplay; encrypted-media; gyroscope; picture-in-picture\" allowfullscreen><\/iframe><\/div><\/div><\/div><\/aside><\/div>[\/vc_column][\/vc_row][vc_row css=&#8221;.vc_custom_1643136425413{padding-top: 25px !important;padding-right: 25px !important;padding-bottom: 25px !important;padding-left: 25px !important;}&#8221;][vc_column icons_position=&#8221;left&#8221;][rev_slider_vc alias=&#8221;content-1&#8243;][\/vc_column][\/vc_row][vc_row][vc_column icons_position=&#8221;left&#8221;][vc_btn title=&#8221;CONSULTAR TARIFES&#8221; color=&#8221;juicy-pink&#8221; align=&#8221;center&#8221; link=&#8221;url:https%3A%2F%2Fmobilparc.net%2Fca%2Ftarifes%2F|title:Tarifes&#8221;][vc_column_text]<\/p>\n<h2 style=\"font-size: 30px;\"><em>Requisits per poder gaudir del <strong>Splash Slide<br \/>\n<\/strong><\/em><\/h2>\n<p><em><strong>Espai:<\/strong><\/em><\/p>\n<p><em><strong><img loading=\"lazy\" decoding=\"async\" class=\" wp-image-3655 alignleft\" src=\"http:\/\/mobilparc.net\/wp-content\/uploads\/2016\/02\/0007_Location.png\" alt=\"terreno\" width=\"63\" height=\"63\" srcset=\"https:\/\/mobilparc.net\/wp-content\/uploads\/2016\/02\/0007_Location.png 128w, https:\/\/mobilparc.net\/wp-content\/uploads\/2016\/02\/0007_Location-120x120.png 120w\" sizes=\"auto, (max-width: 63px) 100vw, 63px\" \/><\/strong><\/em>Terreny llis, asfaltat i amb pendent entre 5% i 12% (m\u00ednim 100m.)<br \/>\nAmplada de 5 metres en tot el recorregut. (El grau de lliscament del tobogan dependr\u00e0 principalment de la inclinaci\u00f3 de la baixada i de la quantitat d\u2019aigua.)<\/p>\n<p><em><strong>T\u00e8cnica:<\/strong><\/em><\/p>\n<p><img loading=\"lazy\" decoding=\"async\" class=\" wp-image-3660 alignleft\" src=\"http:\/\/mobilparc.net\/wp-content\/uploads\/2016\/02\/wrench-128.png\" alt=\"t\u00e9cnica\" width=\"63\" height=\"63\" srcset=\"https:\/\/mobilparc.net\/wp-content\/uploads\/2016\/02\/wrench-128.png 128w, https:\/\/mobilparc.net\/wp-content\/uploads\/2016\/02\/wrench-128-120x120.png 120w\" sizes=\"auto, (max-width: 63px) 100vw, 63px\" \/><\/p>\n<p class=\"p1\">Corrent: Cetac 16 o 32 Ampers trif\u00e0sic amb 5 puntes.<br \/>\nPresa d\u2019aigua amb pressi\u00f3 (una o m\u00e9s). L\u2019aigua s\u2019anir\u00e0 reciclant mitjan\u00e7ant una bomba d\u2019aigua.<br \/>\nDisponibilitat de tanques.<\/p>\n<p><em><strong>Temps:<\/strong><\/em><\/p>\n<p><img loading=\"lazy\" decoding=\"async\" class=\" wp-image-3656 alignleft\" src=\"http:\/\/mobilparc.net\/wp-content\/uploads\/2016\/02\/clock.png\" alt=\"\" width=\"63\" height=\"63\" srcset=\"https:\/\/mobilparc.net\/wp-content\/uploads\/2016\/02\/clock.png 128w, https:\/\/mobilparc.net\/wp-content\/uploads\/2016\/02\/clock-120x120.png 120w\" sizes=\"auto, (max-width: 63px) 100vw, 63px\" \/><\/p>\n<p>Disposar de tot l\u2019espai i de les necessitats t\u00e8cniques durant 3 hores, abans de l\u2019inici de l\u2019activitat, i fins a 2 hores despr\u00e9s del tancament.<\/p>\n<p><em><strong><br \/>\nUsuaris:<\/strong><\/em><\/p>\n<p><img loading=\"lazy\" decoding=\"async\" class=\" wp-image-3672 alignleft\" src=\"http:\/\/mobilparc.net\/wp-content\/uploads\/2016\/02\/man.png\" alt=\"man\" width=\"63\" height=\"63\" srcset=\"https:\/\/mobilparc.net\/wp-content\/uploads\/2016\/02\/man.png 128w, https:\/\/mobilparc.net\/wp-content\/uploads\/2016\/02\/man-120x120.png 120w\" sizes=\"auto, (max-width: 63px) 100vw, 63px\" \/><\/p>\n<p>\u00danicament es podr\u00e0n utilitzar els flotadors proporcionats per nosaltres.<br \/>\nCal portar tovallola.<br \/>\nS\u2019ha d`anar vestit amb banyador o pantal\u00f3 curt, descal\u00e7os o amb xancletes tancades.<br \/>\nEn la zona de control i durant el recorregut hi haur\u00e0 instruccions sobre les normes d\u2019\u00fas de l&#8217;atracci\u00f3. S\u2019ha de fer cas sempre del personal de control de l\u2019atracci\u00f3.<\/p>\n<hr \/>\n<h2 style=\"font-size: 30px;\"><strong><em>Normativa d`\u00fas Splash Slide<br \/>\n<\/em><\/strong><\/h2>\n<ul>\n<li>Apte per 6 anys.<\/li>\n<li>Cal anar amb vestit de bany o pantal\u00f3 curt.<\/li>\n<li>Cap part del cos pot tocar la superf\u00edcie de lliscament.<\/li>\n<li>En el recorregut, no es pot c\u00f3rrer, anar de genolls, fer tombarelles, ni quedar-se parat.<\/li>\n<li>Per a un millor funcionament de l&#8217;activitat:\n<ul>\n<li>No es pot fer cua per a una altra persona ni guardar la tanda a ning\u00fa.<\/li>\n<li>No est\u00e0 permesa l\u2019entrada a qualsevol persona amb alguna malaltia contagiosa, ferida oberta o amb alguna fractura.<\/li>\n<li>No es poden entrar begudes, menjar ni objectes punxeguts i perillosos .<\/li>\n<li>No est\u00e0 permesa l\u2019entrada a persones que estiguin sota la influ\u00e8ncia de l`alcohol o les drogues.<\/li>\n<\/ul>\n<\/li>\n<\/ul>\n<p><img loading=\"lazy\" decoding=\"async\" class=\" wp-image-3670 aligncenter\" src=\"http:\/\/mobilparc.net\/wp-content\/uploads\/2016\/02\/normativa.png\" alt=\"splashslide-es\" width=\"319\" height=\"247\" \/><\/p>\n<hr \/>\n<h2 style=\"font-size: 30px;\"><em><strong>Proc\u00e9s de montatge y contractaci\u00f3 Splash Slide<br \/>\n<\/strong><\/em><\/h2>\n<ul>\n<li>MOBILPARC realitzar\u00e0 una visita pr\u00e8via per tal de recollir dades de l\u2019espai i de les necessitats del client amb l\u2019objectiu de fer el pressupost.<\/li>\n<li>Proc\u00e9s de muntatge \u201cin situ\u201d:\n<ul>\n<li>Muntatge de la instal\u00b7laci\u00f3 el\u00e8ctrica i de les m\u00e0negues d\u2019aigua des del punt que ens deixa el client fins a l&#8217;activitat.<\/li>\n<li>Muntatge de les tanques que ens deixa el client per delimitar l&#8217;atracci\u00f3.<\/li>\n<li>Muntatge del lliscador doble amb zona de control, zona de lliscament i zona d\u2019arribada\/piscina, d\u2019una llargada m\u00ednima de 48 metres. Segons el terreny i l\u2019inter\u00e8s del client es pot anar ampliant amb trams de 27 metres de llargada.\n<ul>\n<li>Recomanem que per aconseguir el m\u00e0xim de diversi\u00f3 de l&#8217;activitat, la llargada m\u00ednima sigui de 75 metres.<\/li>\n<li>Per la seguretat de l\u2019usuari, el lliscador anir\u00e0 muntat a sobre d` un matal\u00e0s de 10 mm en tot el seu recorregut.<\/li>\n<\/ul>\n<\/li>\n<li>El lliscador de 75m. disposar\u00e0 de 4 monitors per al control de les diferents zones d\u2019activitat. Per cada tram que s\u2019hi afegeixi, hi haur\u00e0 d\u2019haver un monitor m\u00e9s.<\/li>\n<li>L\u2019atracci\u00f3 disposar\u00e0 de m\u00fasica ambiental.<\/li>\n<li>Muntatge d&#8217;un espai:\n<ul>\n<li>Amb manxes per inflar els flotadors dels usuaris.<\/li>\n<li>De venda de flotadors inflables per si l\u2019usuari no en porta.<\/li>\n<\/ul>\n<\/li>\n<\/ul>\n<\/li>\n<\/ul>\n<hr \/>\n<h2 style=\"font-size: 30px;\"><em><strong>Idees para ajudar a millorar l&#8217;esdeveniment Splash Slide<br \/>\n<\/strong><\/em><\/h2>\n<p><img loading=\"lazy\" decoding=\"async\" class=\" size-full wp-image-3657 aligncenter\" src=\"http:\/\/mobilparc.net\/wp-content\/uploads\/2016\/02\/ktip.png\" alt=\"ktip\" width=\"128\" height=\"128\" srcset=\"https:\/\/mobilparc.net\/wp-content\/uploads\/2016\/02\/ktip.png 128w, https:\/\/mobilparc.net\/wp-content\/uploads\/2016\/02\/ktip-120x120.png 120w\" sizes=\"auto, (max-width: 128px) 100vw, 128px\" \/><\/p>\n<ul>\n<li>Speaker o DJ. Per animar l&#8217;atracci\u00f3.<\/li>\n<li>Posar un bar.<\/li>\n<li>Pluja de regals estiuencs.<\/li>\n<li>Complementar la festa amb atraccions d`aigua i\/o festa de l\u2019escuma.<\/li>\n<\/ul>\n<hr \/>\n<h2 style=\"font-size: 30px;\"><em><strong>Idees par ajudar a financiar l&#8217;activitat Splash Slide<br \/>\n<\/strong><\/em><\/h2>\n<ul>\n<li>Trobar sponsors per a l\u2019activitat:\n<ul>\n<li>Anunciar-los a la fulla de publicitat de l\u2019acte.<\/li>\n<li>Posar-los a banderoles de l&#8217;inici i a les de tot el recorregut del lliscador.<\/li>\n<li>Posar-los a les pancartes, a les tanques o als arcs de l\u2019interior de l&#8217;atracci\u00f3.<\/li>\n<\/ul>\n<\/li>\n<li>Cobrar per pujar (amb tiquets per pujada o polsera per fer les baixades que vulguin). Els tiquets o polseres poden servir tamb\u00e9 per controlar els usuaris per hores (vincular el bra\u00e7alet a un horari determinat. (Per exemple: 2 pujades entre les 12\u201930 i les 13\u201900h.)<\/li>\n<li>Posar un bar.<\/li>\n<li>Vendre fotos.<\/li>\n<\/ul>\n<p>[\/vc_column_text][\/vc_column][\/vc_row]<\/p>\n<\/div>","protected":false},"excerpt":{"rendered":"<p>[vc_row full_width=&#8221;stretch_row_content_no_spaces&#8221; hide_bg_image_on_tablet=&#8221;&#8221; hide_bg_image_on_mobile=&#8221;&#8221;][vc_column icons_position=&#8221;left&#8221;][\/vc_column][\/vc_row][vc_row css=&#8221;.vc_custom_1643136425413{padding-top: 25px !important;padding-right: 25px !important;padding-bottom: 25px !important;padding-left: 25px !important;}&#8221;][vc_column icons_position=&#8221;left&#8221;][rev_slider_vc alias=&#8221;content-1&#8243;][\/vc_column][\/vc_row][vc_row][vc_column icons_position=&#8221;left&#8221;][vc_btn title=&#8221;CONSULTAR TARIFES&#8221; color=&#8221;juicy-pink&#8221; align=&#8221;center&#8221; link=&#8221;url:https%3A%2F%2Fmobilparc.net%2Fca%2Ftarifes%2F|title:Tarifes&#8221;][vc_column_text] Requisits per poder gaudir del Splash Slide Espai: Terreny llis, asfaltat i amb pendent entre 5% i 12% (m\u00ednim 100m.) Amplada de 5 metres en tot el recorregut. (El grau de lliscament del tobogan dependr\u00e0 principalment de la&hellip;<\/p>\n","protected":false},"author":1,"featured_media":0,"parent":0,"menu_order":0,"comment_status":"closed","ping_status":"open","template":"","meta":{"footnotes":""},"class_list":["post-3686","page","type-page","status-publish","hentry"],"aioseo_notices":[],"_links":{"self":[{"href":"https:\/\/mobilparc.net\/ca\/wp-json\/wp\/v2\/pages\/3686","targetHints":{"allow":["GET"]}}],"collection":[{"href":"https:\/\/mobilparc.net\/ca\/wp-json\/wp\/v2\/pages"}],"about":[{"href":"https:\/\/mobilparc.net\/ca\/wp-json\/wp\/v2\/types\/page"}],"author":[{"embeddable":true,"href":"https:\/\/mobilparc.net\/ca\/wp-json\/wp\/v2\/users\/1"}],"replies":[{"embeddable":true,"href":"https:\/\/mobilparc.net\/ca\/wp-json\/wp\/v2\/comments?post=3686"}],"version-history":[{"count":20,"href":"https:\/\/mobilparc.net\/ca\/wp-json\/wp\/v2\/pages\/3686\/revisions"}],"predecessor-version":[{"id":9605,"href":"https:\/\/mobilparc.net\/ca\/wp-json\/wp\/v2\/pages\/3686\/revisions\/9605"}],"wp:attachment":[{"href":"https:\/\/mobilparc.net\/ca\/wp-json\/wp\/v2\/media?parent=3686"}],"curies":[{"name":"wp","href":"https:\/\/api.w.org\/{rel}","templated":true}]}}