{"id":6775,"date":"2019-06-13T10:33:08","date_gmt":"2019-06-13T10:33:08","guid":{"rendered":"http:\/\/mobilparc.net\/nosaltres\/"},"modified":"2019-06-13T13:26:30","modified_gmt":"2019-06-13T13:26:30","slug":"nosaltres","status":"publish","type":"page","link":"https:\/\/mobilparc.net\/ca\/nosaltres\/","title":{"rendered":"Nosaltres"},"content":{"rendered":"<div class=\"wpb-content-wrapper\"><p>[vc_row][vc_column icons_position=&#8221;left&#8221;]<div id=\"sc_title_362525563\"\n\t\tclass=\"sc_title color_style_default sc_title_default\"><h2 class=\"sc_item_title sc_title_title sc_align_center sc_item_title_style_default\">Festes infantils i lloguer d'inflables<\/h2><\/div><!-- \/.sc_title -->[vc_empty_space height=&#8221;4.6vw&#8221; alter_height=&#8221;none&#8221; hide_on_desktop=&#8221;&#8221; hide_on_notebook=&#8221;&#8221; hide_on_tablet=&#8221;&#8221; hide_on_mobile=&#8221;&#8221;]<div id=\"widget_slider_634190883\" class=\"widget_area sc_widget_slider vc_widget_slider wpb_content_element\"><aside id=\"widget_slider_634190883_widget\" class=\"widget widget_slider\">\t\t\t<div class=\"slider_wrap slider_engine_swiper\">\n\t\t\t\t<div id=\"widget_slider_634190883_outer\" class=\"slider_outer slider_swiper_outer slider_style_default slider_outer_direction_horizontal slider_outer_one slider_outer_pagination slider_outer_pagination_bullets slider_outer_pagination_pos_bottom slider_outer_controls slider_outer_controls_side slider_outer_titles_center\"><div id=\"widget_slider_634190883_swiper\" class=\"slider_container slider_swiper swiper-slider-container slider_controls slider_controls_side slider_titles_center slider_resize slider_height_auto slider_direction_horizontal slider_pagination slider_pagination_bullets slider_pagination_pos_bottom slider_one slider_type_bg\" data-ratio=\"1057:414\" data-interval=\"7000\" data-effect=\"slide\" data-pagination=\"bullets\" data-direction=\"horizontal\" data-slides-per-view=\"1\" data-slides-space=\"0\" data-slides-min-width=\"150\"><div class=\"slider-wrapper swiper-wrapper\"><div  class=\"slider-slide swiper-slide\" data-image=\"https:\/\/mobilparc.net\/wp-content\/uploads\/2019\/05\/20150517_110521.jpg\" style=\"background-image:url(https:\/\/mobilparc.net\/wp-content\/uploads\/2019\/05\/20150517_110521.jpg);\"><\/div><\/div><!-- \/.slider-wrapper --><div class=\"slider_pagination_wrap swiper-pagination\"><\/div><div class=\"slider_controls_wrap\"><a class=\"slider_prev swiper-button-prev\" href=\"#\"><\/a><a class=\"slider_next swiper-button-next\" href=\"#\"><\/a><\/div><\/div><!-- \/.slider_container --><\/div><!-- \/.slider_outer -->\t\t\t<\/div>\n\t\t\t<\/aside><\/div>[vc_column_text css=&#8221;.vc_custom_1560432375145{margin-top: 1.8vw !important;}&#8221;]<\/p>\n<p style=\"text-align: center;\">Mobilparc \u00e9s una empresa especialitzada en el muntatge i funcionament de parcs d\u2019atraccions per a <a title=\"Infantils\" href=\"http:\/\/www.mobilparc.net\/ca\/lloguer-dinflables\/infantils\/\" data-bcup-haslogintext=\"no\">nens<\/a>, <a title=\"Joves i adults\" href=\"http:\/\/www.mobilparc.net\/ca\/lloguer-dinflables\/joves-i-adults\/\" data-bcup-haslogintext=\"no\">joves i adults<\/a> amb m\u00e9s de 20 anys d\u2019experi\u00e8ncia.<\/p>\n<p style=\"text-align: center;\">Sempre estem al dia de totes les <a href=\"http:\/\/www.mobilparc.net\/ca\/promocions-i-novetats\/\" data-bcup-haslogintext=\"no\">novetats del sector<\/a>. Any rera any incorporem les atraccions m\u00e9s divertides e innovadores a les nostres festes.<\/p>\n<p style=\"text-align: center;\">En el nostre servei \u201d standard \u201d <strong>totes les atraccions estan controlades i dinamitzades per un monitor<\/strong> per aix\u00ed garantir la seguretat dels nostres usuaris i el correcte funcionament.<\/p>\n<p style=\"text-align: center;\">Us oferim tamb\u00e9 la possibilitat m\u00e9s econ\u00f2mica, sempre i quan disposeu de personal per a controlar les atraccions de menor risc.<\/p>\n<p style=\"text-align: center;\">Mobilparc disposa dels <a title=\"Certificats\" href=\"http:\/\/www.mobilparc.net\/ca\/certificats\/\" data-bcup-haslogintext=\"no\">permisos i llicencies d\u2019operatvitat<\/a> i control anual de totes les seves atraccions, aix\u00ed com el corresponent segur de responsabilitat civil.<\/p>\n<p style=\"text-align: center;\">Si voleu realitzar una festa, mira a la nostra <a href=\"http:\/\/www.mobilparc.net\/ca\/lloguer\/\" data-bcup-haslogintext=\"no\">web<\/a> les diferents atraccions que us podem oferir i escolliu vosaltres mateixos les que creieu m\u00e9s divertides per al vostre event, despr\u00e9s contacteu amb nosaltres via <strong>email<\/strong> (info@mobilparc.net), per <strong>tel\u00e8fon<\/strong> (606 344 933 \u2013 93 751 68 63) o a trav\u00e9s del formulari de contacte, per aix\u00ed asegurar-vos la disponibilitat i concretar dia i hora de l\u2019activitat.<\/p>\n<p style=\"text-align: center;\">Si teniu pensat fer diferents festes durant el mateix any, demana una oferta conjunta, per aix\u00ed tindre el millor preu. Sortir\u00e0s guanyant.<\/p>\n<h4 style=\"text-align: center;\">Recordeu, qui demana primer, t\u00e9 m\u00e9s a escollir.<\/h4>\n<p>[\/vc_column_text][\/vc_column][\/vc_row][vc_row full_width=&#8221;stretch_row&#8221; hide_bg_image_on_tablet=&#8221;&#8221; hide_bg_image_on_mobile=&#8221;&#8221; css=&#8221;.vc_custom_1528897917343{margin-top: 6vw !important;margin-bottom: -1px !important;background-image: url(http:\/\/mobilparc.net\/wp-content\/uploads\/2018\/04\/bg-footer.png?id=558) !important;background-position: top center !important;background-repeat: no-repeat !important;}&#8221;][vc_column hide_bg_image_on_tablet=&#8221;&#8221; hide_bg_image_on_mobile=&#8221;&#8221; icons_position=&#8221;left&#8221; css=&#8221;.vc_custom_1524663957365{background-size: cover !important;}&#8221;][vc_empty_space height=&#8221;7.5vw&#8221; alter_height=&#8221;none&#8221; hide_on_desktop=&#8221;&#8221; hide_on_notebook=&#8221;&#8221; hide_on_tablet=&#8221;&#8221; hide_on_mobile=&#8221;&#8221;][\/vc_column][\/vc_row][vc_row full_width=&#8221;stretch_row_content&#8221; hide_bg_image_on_tablet=&#8221;&#8221; hide_bg_image_on_mobile=&#8221;&#8221; css=&#8221;.vc_custom_1527771526318{background-color: #efeeea !important;}&#8221;][vc_column icons_position=&#8221;left&#8221;]<div  id=\"sc_testimonials_1967715148\"\t\tclass=\"sc_testimonials color_style_default sc_testimonials_default\"><h2 class=\"sc_item_title sc_testimonials_title sc_align_center sc_item_title_style_default\">Que opinan nuestros clientes<\/h2><h6 class=\"sc_item_subtitle sc_testimonials_subtitle sc_align_center sc_item_title_style_default\">Opiniones<\/h6><div class=\"sc_testimonials_columns_wrap sc_item_columns trx_addons_columns_wrap columns_padding_bottom\"><div class=\"trx_addons_column-1_3\"><div class=\"sc_testimonials_item\">\n        <div class=\"sc_testimonials_item_content\"><p>Cada any ens reunim tots els ve\u00efns per organitzar uns dies de festa a l&#8217;urbianitzaci\u00f3. Aquest 2019 vol\u00edem fer una festa diferent i buscant opcions per internet vam trobar M\u00f2bilParc. Despr\u00e9s de sol\u00b7licitar pressupost a trav\u00e9s de la web i de mantenir una conversaci\u00f3 amb l&#8217;Albert, ens va recomanar les millors atraccions que pod\u00edem escollir per una festa d&#8217;aquest estil. Ens va aconsellar el millor segons el nostre pressupost. A partir d&#8217;ara repetirem cada any sempre que poguem, ja que els nens van disfrutar molt, per\u00f2 els no tant nens, encara ho van fer m\u00e9s!<\/p>\n<\/div>\n    <div class=\"sc_testimonials_item_author_data\">\n        <h4 class=\"sc_testimonials_item_author_title\">Juan Albert R.<\/h4>\n        <div class=\"sc_testimonials_item_author_subtitle\">Comunitat de ve\u00efns<\/div>\n    <\/div>\n<\/div>\n<\/div><div class=\"trx_addons_column-1_3\"><div class=\"sc_testimonials_item\">\n        <div class=\"sc_testimonials_item_content\"><p>S\u00f3c l&#8217;encarregada de les festes de l&#8217;AMPA de l&#8217;escola del meu fill. Vaig contactar amb M\u00f2bilparc al 2018 per fer la festa de f\u00ed de curs a l&#8217;escola i va ser tot un \u00e9xit.<br \/>\nTenen una varietat d&#8217;atraccions i sempre est\u00e0n a la \u00faltima!<\/p>\n<\/div>\n    <div class=\"sc_testimonials_item_author_data\">\n        <h4 class=\"sc_testimonials_item_author_title\">Judith Navarro<\/h4>\n        <div class=\"sc_testimonials_item_author_subtitle\">AMPA escola de Barcelona<\/div>\n    <\/div>\n<\/div>\n<\/div><div class=\"trx_addons_column-1_3\"><div class=\"sc_testimonials_item\">\n        <div class=\"sc_testimonials_item_content\"><p>Ja fa molts anys que a la festa major del meu poble, lloguem els serveis de M\u00f2bilparc. Sempre acertem i ens ho acabem passant en gran!<br \/>\nSeguirem repetin per molts anys!<\/p>\n<\/div>\n    <div class=\"sc_testimonials_item_author_data\">\n        <h4 class=\"sc_testimonials_item_author_title\">Barbara Sanchez<\/h4>\n        <div class=\"sc_testimonials_item_author_subtitle\">Comisi\u00f3 de festes ajuntament<\/div>\n    <\/div>\n<\/div>\n<\/div><\/div><\/div><!-- \/.sc_testimonials -->[\/vc_column][\/vc_row]<\/p>\n<\/div>","protected":false},"excerpt":{"rendered":"<p>[vc_row][vc_column icons_position=&#8221;left&#8221;][vc_empty_space height=&#8221;4.6vw&#8221; alter_height=&#8221;none&#8221; hide_on_desktop=&#8221;&#8221; hide_on_notebook=&#8221;&#8221; hide_on_tablet=&#8221;&#8221; hide_on_mobile=&#8221;&#8221;][vc_column_text css=&#8221;.vc_custom_1560432375145{margin-top: 1.8vw !important;}&#8221;] Mobilparc \u00e9s una empresa especialitzada en el muntatge i funcionament de parcs d\u2019atraccions per a nens, joves i adults amb m\u00e9s de 20 anys d\u2019experi\u00e8ncia. Sempre estem al dia de totes les novetats del sector. Any rera any incorporem les atraccions m\u00e9s divertides e innovadores a les nostres festes.&hellip;<\/p>\n","protected":false},"author":1,"featured_media":0,"parent":0,"menu_order":0,"comment_status":"closed","ping_status":"closed","template":"","meta":{"footnotes":""},"class_list":["post-6775","page","type-page","status-publish","hentry"],"aioseo_notices":[],"_links":{"self":[{"href":"https:\/\/mobilparc.net\/ca\/wp-json\/wp\/v2\/pages\/6775","targetHints":{"allow":["GET"]}}],"collection":[{"href":"https:\/\/mobilparc.net\/ca\/wp-json\/wp\/v2\/pages"}],"about":[{"href":"https:\/\/mobilparc.net\/ca\/wp-json\/wp\/v2\/types\/page"}],"author":[{"embeddable":true,"href":"https:\/\/mobilparc.net\/ca\/wp-json\/wp\/v2\/users\/1"}],"replies":[{"embeddable":true,"href":"https:\/\/mobilparc.net\/ca\/wp-json\/wp\/v2\/comments?post=6775"}],"version-history":[{"count":9,"href":"https:\/\/mobilparc.net\/ca\/wp-json\/wp\/v2\/pages\/6775\/revisions"}],"predecessor-version":[{"id":6809,"href":"https:\/\/mobilparc.net\/ca\/wp-json\/wp\/v2\/pages\/6775\/revisions\/6809"}],"wp:attachment":[{"href":"https:\/\/mobilparc.net\/ca\/wp-json\/wp\/v2\/media?parent=6775"}],"curies":[{"name":"wp","href":"https:\/\/api.w.org\/{rel}","templated":true}]}}